{"id":19,"date":"2021-04-27T00:22:04","date_gmt":"2021-04-27T00:22:04","guid":{"rendered":"http:\/\/laboratoriosbiochemical.com\/?page_id=19"},"modified":"2021-06-08T23:58:26","modified_gmt":"2021-06-08T23:58:26","slug":"nosotros","status":"publish","type":"page","link":"https:\/\/laboratoriosbiochemical.com\/index.php\/nosotros\/","title":{"rendered":"Nosotros"},"content":{"rendered":"\n\n  <div class=\"banner has-hover has-parallax\" id=\"banner-1354612000\">\n          <div class=\"banner-inner fill\">\n        <div class=\"banner-bg fill\" data-parallax=\"-1\" data-parallax-container=\".banner\" data-parallax-background>\n            <div class=\"bg fill bg-fill \"><\/div>\n                                    \n                    <\/div>\n        <div class=\"banner-layers container\">\n            <div class=\"fill banner-link\"><\/div>            \n\n   <div id=\"text-box-167806738\" class=\"text-box banner-layer hide-for-small x50 md-x5 lg-x5 y20 md-y20 lg-y25 res-text\">\n                                <div class=\"text dark\">\n              \n              <div class=\"text-inner text-center\">\n                  \n\n<h2>ACERCA DE NOSOTROS<\/h2>\n\n              <\/div>\n           <\/div>\n                            \n<style scope=\"scope\">\n\n#text-box-167806738 {\n  width: 97%;\n}\n#text-box-167806738 .text {\n  font-size: 100%;\n}\n\n\n@media (min-width:550px) {\n\n  #text-box-167806738 {\n    width: 63%;\n  }\n\n}\n\n\n@media (min-width:850px) {\n\n  #text-box-167806738 {\n    width: 50%;\n  }\n\n}\n<\/style>\n    <\/div>\n \n   <div id=\"text-box-990970080\" class=\"text-box banner-layer show-for-small x50 md-x5 lg-x5 y20 md-y25 lg-y25 res-text\">\n                                <div class=\"text dark\">\n              \n              <div class=\"text-inner text-center\">\n                  \n\n<h3>ACERCA DE NOSOTROS<\/h3>\n\n              <\/div>\n           <\/div>\n                            \n<style scope=\"scope\">\n\n#text-box-990970080 {\n  width: 97%;\n}\n#text-box-990970080 .text {\n  font-size: 100%;\n}\n\n\n@media (min-width:550px) {\n\n  #text-box-990970080 {\n    width: 50%;\n  }\n\n}\n<\/style>\n    <\/div>\n \n\n        <\/div>\n      <\/div>\n\n              <div class=\"height-fix is-invisible\"><img loading=\"lazy\" decoding=\"async\" width=\"2499\" height=\"937\" src=\"https:\/\/laboratoriosbiochemical.com\/wp-content\/uploads\/2021\/05\/Nosotros-laboratorios-biochemical-1.png\" class=\"attachment-original size-original\" alt=\"\" srcset=\"https:\/\/laboratoriosbiochemical.com\/wp-content\/uploads\/2021\/05\/Nosotros-laboratorios-biochemical-1.png 2499w, https:\/\/laboratoriosbiochemical.com\/wp-content\/uploads\/2021\/05\/Nosotros-laboratorios-biochemical-1-510x191.png 510w, https:\/\/laboratoriosbiochemical.com\/wp-content\/uploads\/2021\/05\/Nosotros-laboratorios-biochemical-1-300x112.png 300w, https:\/\/laboratoriosbiochemical.com\/wp-content\/uploads\/2021\/05\/Nosotros-laboratorios-biochemical-1-1024x384.png 1024w, https:\/\/laboratoriosbiochemical.com\/wp-content\/uploads\/2021\/05\/Nosotros-laboratorios-biochemical-1-768x288.png 768w, https:\/\/laboratoriosbiochemical.com\/wp-content\/uploads\/2021\/05\/Nosotros-laboratorios-biochemical-1-1536x576.png 1536w, https:\/\/laboratoriosbiochemical.com\/wp-content\/uploads\/2021\/05\/Nosotros-laboratorios-biochemical-1-2048x768.png 2048w\" sizes=\"(max-width: 2499px) 100vw, 2499px\" \/><\/div>\n            \n<style scope=\"scope\">\n\n#banner-1354612000 .bg.bg-loaded {\n  background-image: url(https:\/\/laboratoriosbiochemical.com\/wp-content\/uploads\/2021\/05\/Nosotros-laboratorios-biochemical-1.png);\n}\n#banner-1354612000 {\n  background-color: rgb(255,255,255);\n}\n#banner-1354612000 .bg {\n  background-position: 45% 64%;\n}\n<\/style>\n  <\/div>\n\n\n\t<section class=\"section\" id=\"section_1304250635\">\n\t\t<div class=\"bg section-bg fill bg-fill  bg-loaded\" >\n\n\t\t\t\n\t\t\t\n\t\t\t\n\n\t\t<\/div>\n\n\t\t<div class=\"section-content relative\">\n\t\t\t\n\n\t<div id=\"gap-1746701783\" class=\"gap-element clearfix\" style=\"display:block; height:auto;\">\n\t\t\n<style scope=\"scope\">\n\n#gap-1746701783 {\n  padding-top: 40px;\n}\n<\/style>\n\t<\/div>\n\t\n\n<div class=\"row align-center\"  id=\"row-1300596013\">\n\n\n\t<div class=\"col medium-4 small-10 large-4\"  >\n\t\t<div class=\"col-inner\"  >\n\t\t\t\n\t\t\t\n\n<h3 style=\"text-align:right\"><strong>LIMPIEZA Y DESINFECCI\u00d3N CON LOS MEJORES COMPONENTES <\/strong><strong>QUE CUIDAN AL MEDIO AMBIENTE<\/strong><\/h3>\n\n\t\t<\/div>\n\t<\/div>\n\n\t\n\n\t<div class=\"col medium-8 small-11 large-8\"  >\n\t\t<div class=\"col-inner\"  >\n\t\t\t\n\t\t\t\n\n<p style=\"text-align:justify;font-size:14px\"><span style=\"color:#00629D\"><strong>LABORATORIOS BIOCHEMICAL.<\/strong><\/span> Es una Compa\u00f1\u00eda dedicada a la fabricaci\u00f3n y distribuci\u00f3n de productos de aseo de consumo masivo a nivel nacional con m\u00e1s de <strong>10 <\/strong>a\u00f1os de experiencia. A lo largo de este tiempo nos hemos caracterizado por tener una excelente calidad en cada uno de nuestros productos, dar una impecable atenci\u00f3n a nuestros clientes y satisfacer cada una de sus necesidades.\u00a0\u00a0<\/p>\n<p style=\"text-align:justify;font-size:14px\" >Es grato para nuestra Compa\u00f1\u00eda contar con todas las exigencias sanitarias de las diferentes entidades, como nuestra planta de producci\u00f3n, la cual cuenta con su certificado de capacidad de producci\u00f3n notificaciones sanitarias vigentes para cada uno de los productos, soportes de biodegradabilidad para el 100% de los productos y an\u00e1lisis de desempe\u00f1o microbiol\u00f3gico de sus desinfectantes. As\u00ed mismo manejamos una estricta pol\u00edtica relacionada al cuidado del medio ambiente, debido a que nuestras materias primas y formulaciones son cuidadosamente seleccionadas para fabricar productos biodegradables.\u00a0<\/p>\n\n\t\t<\/div>\n\t<\/div>\n\n\t\n\n\n<style scope=\"scope\">\n\n<\/style>\n<\/div>\n\n\t\t<\/div>\n\n\t\t\n<style scope=\"scope\">\n\n#section_1304250635 {\n  padding-top: 30px;\n  padding-bottom: 30px;\n}\n<\/style>\n\t<\/section>\n\t\n<div class=\"row row-collapse row-full-width align-middle\"  id=\"row-340859937\">\n\n\n\t<div class=\"col medium-5 small-12 large-5\"  >\n\t\t<div class=\"col-inner text-center\"  >\n\t\t\t\n\t\t\t\n\n\n  <div class=\"banner has-hover\" id=\"banner-1547163006\">\n          <div class=\"banner-inner fill\">\n        <div class=\"banner-bg fill\" >\n            <div class=\"bg fill bg-fill \"><\/div>\n                                    \n                    <\/div>\n        <div class=\"banner-layers container\">\n            <div class=\"fill banner-link\"><\/div>            \n\n   <div id=\"text-box-2146636056\" class=\"text-box banner-layer x50 md-x50 lg-x50 y50 md-y50 lg-y50 res-text\">\n                                <div class=\"text \">\n              \n              <div class=\"text-inner text-center\">\n                  \n\n<h1 style=\"color:#00629D\"><strong>MISI\u00d3N<\/strong><\/h1>\n<p style=\"text-align:justify;font-size:14px\">Laboratorios biochemical est\u00e1 comprometida con los niveles de excelencia a satisfacer las expectativas de nuestros clientes, fabricando e innovando cada d\u00eda, productos de limpieza y desinfecci\u00f3n con los m\u00e1s altos est\u00e1ndares de calidad y amigables con el medio ambiente, desarrollados con materias primas de alta calidad As\u00ed mismo manejamos una estricta pol\u00edtica relacionada al cuidado del medio ambiente, debido a que nuestras materias primas y formulaciones son cuidadosamente seleccionadas para fabricar productos biodegradables. ofreciendo productos y servicios de calidad, que nos permita cada d\u00eda ser m\u00e1s competitivos en el sector.<\/p>\n<\/p>\n<h1 style=\"color:#00629D\"><strong>VISI\u00d3N<\/strong><\/h1>\n<p style=\"text-align:justify;font-size:14px\">Laboratorios biochemical. busca ser reconocida a nivel nacional, para el a\u00f1o 2025. Seremos una empresa consolidada y fruct\u00edfera siendo el aliado de valor para los hogares colombianos y las industrias ofreciendo soluciones de calidad, pr\u00e1cticas y \u00e1giles que se acomoden a la vida moderna.<\/p>\n\n              <\/div>\n           <\/div>\n                            \n<style scope=\"scope\">\n\n#text-box-2146636056 {\n  width: 87%;\n}\n#text-box-2146636056 .text {\n  font-size: 100%;\n}\n\n\n@media (min-width:550px) {\n\n  #text-box-2146636056 {\n    width: 84%;\n  }\n\n}\n<\/style>\n    <\/div>\n \n\n        <\/div>\n      <\/div>\n\n            \n<style scope=\"scope\">\n\n#banner-1547163006 {\n  padding-top: 639px;\n  background-color: rgb(255, 255, 255);\n}\n\n\n@media (min-width:550px) {\n\n  #banner-1547163006 {\n    padding-top: 700px;\n  }\n\n}\n<\/style>\n  <\/div>\n\n\n\n\t\t<\/div>\n\t<\/div>\n\n\t\n\n\t<div class=\"col medium-7 small-12 large-7\"  >\n\t\t<div class=\"col-inner text-center\"  >\n\t\t\t\n\t\t\t\n\n\n  <div class=\"banner has-hover\" id=\"banner-597078518\">\n          <div class=\"banner-inner fill\">\n        <div class=\"banner-bg fill\" >\n            <div class=\"bg fill bg-fill \"><\/div>\n                        <div class=\"overlay\"><\/div>            \n                    <\/div>\n        <div class=\"banner-layers container\">\n            <div class=\"fill banner-link\"><\/div>            \n\n   <div id=\"text-box-1356982588\" class=\"text-box banner-layer x50 md-x50 lg-x50 y50 md-y50 lg-y50 res-text\">\n                                <div class=\"text dark\">\n              \n              <div class=\"text-inner text-left\">\n                  \n\n<div class=\"row\"  id=\"row-1572097143\">\n\n\n\t<div class=\"col small-12 large-12\"  >\n\t\t<div class=\"col-inner\" style=\"padding:0px 0px 0px 0px;margin:0px 0 0px 0px;\" >\n\t\t\t\n\t\t\t\n\n\n\t\t<div class=\"icon-box featured-box icon-box-center text-center\"  >\n\t\t\t\t\t<div class=\"icon-box-img has-icon-bg\" style=\"width: 98px\">\n\t\t\t\t<div class=\"icon\">\n\t\t\t\t\t<div class=\"icon-inner\" style=\"border-width:1px;color:rgb(91, 203, 245);\">\n\t\t\t\t\t\t<?xml version=\"1.0\" encoding=\"iso-8859-1\"?>\n<!-- Generator: Adobe Illustrator 19.0.0, SVG Export Plug-In . SVG Version: 6.00 Build 0)  -->\n<svg xmlns=\"http:\/\/www.w3.org\/2000\/svg\" xmlns:xlink=\"http:\/\/www.w3.org\/1999\/xlink\" version=\"1.1\" id=\"Capa_1\" x=\"0px\" y=\"0px\" viewBox=\"0 0 58.995 58.995\" style=\"enable-background:new 0 0 58.995 58.995;\" xml:space=\"preserve\" width=\"512px\" height=\"512px\">\n<path d=\"M39.927,41.929c-0.524,0.524-0.975,1.1-1.365,1.709l-17.28-10.489c0.457-1.144,0.716-2.388,0.716-3.693  c0-1.305-0.259-2.549-0.715-3.693l17.284-10.409C40.342,18.142,43.454,20,46.998,20c5.514,0,10-4.486,10-10s-4.486-10-10-10  s-10,4.486-10,10c0,1.256,0.243,2.454,0.667,3.562L20.358,23.985c-1.788-2.724-4.866-4.529-8.361-4.529c-5.514,0-10,4.486-10,10  s4.486,10,10,10c3.495,0,6.572-1.805,8.36-4.529L37.661,45.43c-0.43,1.126-0.664,2.329-0.664,3.57c0,2.671,1.04,5.183,2.929,7.071  c1.949,1.949,4.51,2.924,7.071,2.924s5.122-0.975,7.071-2.924c1.889-1.889,2.929-4.4,2.929-7.071s-1.04-5.183-2.929-7.071  C50.169,38.029,43.826,38.029,39.927,41.929z M46.998,2c4.411,0,8,3.589,8,8s-3.589,8-8,8s-8-3.589-8-8S42.586,2,46.998,2z   M11.998,37.456c-4.411,0-8-3.589-8-8s3.589-8,8-8s8,3.589,8,8S16.409,37.456,11.998,37.456z M52.654,54.657  c-3.119,3.119-8.194,3.119-11.313,0c-1.511-1.511-2.343-3.521-2.343-5.657s0.832-4.146,2.343-5.657  c1.56-1.56,3.608-2.339,5.657-2.339s4.097,0.779,5.657,2.339c1.511,1.511,2.343,3.521,2.343,5.657S54.166,53.146,52.654,54.657z\" fill=\"#FFFFFF\"\/>\n<g>\n<\/g>\n<g>\n<\/g>\n<g>\n<\/g>\n<g>\n<\/g>\n<g>\n<\/g>\n<g>\n<\/g>\n<g>\n<\/g>\n<g>\n<\/g>\n<g>\n<\/g>\n<g>\n<\/g>\n<g>\n<\/g>\n<g>\n<\/g>\n<g>\n<\/g>\n<g>\n<\/g>\n<g>\n<\/g>\n<\/svg>\n\t\t\t\t\t<\/div>\n\t\t\t\t<\/div>\n\t\t\t<\/div>\n\t\t\t\t<div class=\"icon-box-text last-reset\">\n\t\t\t\t\t\t\t\t\t\n\n<h4>NUESTROS VALORES<\/h4>\n<p style=\"font-size:13px;text-align:justify\"><strong>Integridad:<\/strong> Vivimos comprometidos con una s\u00f3lida \u00e9tica, transmitiendo los valores y la cultura de nuestra empresa para lograr unidades de negocio sostenibles y \u00fatiles.<\/p>\n<p style=\"font-size:13px;text-align:justify\"><strong>Liderazgo en Equipo:<\/strong> Construimos equipos de trabajo mediante relaciones de confianza y respeto por la diversidad de pensamiento, logrando un ambiente sano de exigencia, convivencia y resultados excelentes.<\/p>\n<p style=\"font-size:13px;text-align:justify\"><strong>Pasi\u00f3n:<\/strong> Nos gusta lo que hacemos, encontrando formas de mejorarlo y siempre estamos buscando sentirnos orgullosos de lo logrado.<\/p>\n\n\t\t<\/div>\n\t<\/div>\n\t\n\t\n\t<div id=\"gap-630649530\" class=\"gap-element clearfix\" style=\"display:block; height:auto;\">\n\t\t\n<style scope=\"scope\">\n\n#gap-630649530 {\n  padding-top: 70px;\n}\n<\/style>\n\t<\/div>\n\t\n\n\n\t\t<div class=\"icon-box featured-box icon-box-center text-center\"  >\n\t\t\t\t\t<div class=\"icon-box-img has-icon-bg\" style=\"width: 98px\">\n\t\t\t\t<div class=\"icon\">\n\t\t\t\t\t<div class=\"icon-inner\" style=\"border-width:1px;color:rgb(91, 203, 245);\">\n\t\t\t\t\t\t<?xml version=\"1.0\" encoding=\"iso-8859-1\"?>\n<!-- Generator: Adobe Illustrator 19.1.0, SVG Export Plug-In . SVG Version: 6.00 Build 0)  -->\n<svg xmlns=\"http:\/\/www.w3.org\/2000\/svg\" xmlns:xlink=\"http:\/\/www.w3.org\/1999\/xlink\" version=\"1.1\" id=\"Capa_1\" x=\"0px\" y=\"0px\" viewBox=\"0 0 487.222 487.222\" style=\"enable-background:new 0 0 487.222 487.222;\" xml:space=\"preserve\" width=\"512px\" height=\"512px\">\n<g>\n\t<path d=\"M486.554,186.811c-1.6-4.9-5.8-8.4-10.9-9.2l-152-21.6l-68.4-137.5c-2.3-4.6-7-7.5-12.1-7.5l0,0c-5.1,0-9.8,2.9-12.1,7.6   l-67.5,137.9l-152,22.6c-5.1,0.8-9.3,4.3-10.9,9.2s-0.2,10.3,3.5,13.8l110.3,106.9l-25.5,151.4c-0.9,5.1,1.2,10.2,5.4,13.2   c2.3,1.7,5.1,2.6,7.9,2.6c2.2,0,4.3-0.5,6.3-1.6l135.7-71.9l136.1,71.1c2,1,4.1,1.5,6.2,1.5l0,0c7.4,0,13.5-6.1,13.5-13.5   c0-1.1-0.1-2.1-0.4-3.1l-26.3-150.5l109.6-107.5C486.854,197.111,488.154,191.711,486.554,186.811z M349.554,293.911   c-3.2,3.1-4.6,7.6-3.8,12l22.9,131.3l-118.2-61.7c-3.9-2.1-8.6-2-12.6,0l-117.8,62.4l22.1-131.5c0.7-4.4-0.7-8.8-3.9-11.9   l-95.6-92.8l131.9-19.6c4.4-0.7,8.2-3.4,10.1-7.4l58.6-119.7l59.4,119.4c2,4,5.8,6.7,10.2,7.4l132,18.8L349.554,293.911z\" fill=\"#FFFFFF\"\/>\n<\/g>\n<g>\n<\/g>\n<g>\n<\/g>\n<g>\n<\/g>\n<g>\n<\/g>\n<g>\n<\/g>\n<g>\n<\/g>\n<g>\n<\/g>\n<g>\n<\/g>\n<g>\n<\/g>\n<g>\n<\/g>\n<g>\n<\/g>\n<g>\n<\/g>\n<g>\n<\/g>\n<g>\n<\/g>\n<g>\n<\/g>\n<\/svg>\n\t\t\t\t\t<\/div>\n\t\t\t\t<\/div>\n\t\t\t<\/div>\n\t\t\t\t<div class=\"icon-box-text last-reset\">\n\t\t\t\t\t\t\t\t\t\n\n<h4>POL\u00cdTICA INTEGRAL<\/h4>\n<p style=\"font-size:13px;text-align:justify\"> LABORATORIOS BIOCHEMICAL, trabajamos con criterios de calidad seguridad y protecci\u00f3n del medio ambiente; para lograrlo nos comprometemos con: <\/p>\n<p style=\"font-size:13px;text-align:justify\">1 El Sistema de Gesti\u00f3n en Seguridad y Salud en el Trabajo, Sistema de Gesti\u00f3n de Calidad y Sistema de Gesti\u00f3n Ambiental.<\/p>\n<p style=\"font-size:13px;text-align:justify\" >2 El cumplimiento de la normatividad legal vigente y aplicable a nuestra organizaci\u00f3n.<\/p>\n<p style=\"font-size:13px;text-align:justify\" >3 Proteger la seguridad y salud de todos nuestros colaboradores.<\/p>\n<p style=\"font-size:13px;text-align:justify\">4 La protecci\u00f3n del medio ambiente y la prevenci\u00f3n de la contaminaci\u00f3n.<\/p>\n<p style=\"font-size:13px;text-align:justify\">5 El mejoramiento continuo del Sistema Integrado de Gesti\u00f3n.<\/p>\n\n\t\t<\/div>\n\t<\/div>\n\t\n\t\n\n\t\t<\/div>\n\t<\/div>\n\n\t\n\n<\/div>\n\n              <\/div>\n           <\/div>\n                            \n<style scope=\"scope\">\n\n#text-box-1356982588 {\n  width: 80%;\n}\n#text-box-1356982588 .text {\n  font-size: 100%;\n}\n<\/style>\n    <\/div>\n \n\n        <\/div>\n      <\/div>\n\n            \n<style scope=\"scope\">\n\n#banner-597078518 {\n  padding-top: 1200px;\n}\n#banner-597078518 .overlay {\n  background-color: rgba(0, 0, 0, 0.62);\n}\n\n\n@media (min-width:550px) {\n\n  #banner-597078518 {\n    padding-top: 900px;\n  }\n\n}\n<\/style>\n  <\/div>\n\n\n\n\t\t<\/div>\n\t<\/div>\n\n\t\n\n\n<style scope=\"scope\">\n\n<\/style>\n<\/div>\n\t<div id=\"gap-658454275\" class=\"gap-element clearfix\" style=\"display:block; height:auto;\">\n\t\t\n<style scope=\"scope\">\n\n#gap-658454275 {\n  padding-top: 100px;\n}\n<\/style>\n\t<\/div>\n\t\n\n\n  <div class=\"banner has-hover\" id=\"banner-1812285607\">\n          <div class=\"banner-inner fill\">\n        <div class=\"banner-bg fill\" >\n            <div class=\"bg fill bg-fill \"><\/div>\n                        <div class=\"overlay\"><\/div>            \n                    <\/div>\n        <div class=\"banner-layers container\">\n            <div class=\"fill banner-link\"><\/div>            \n\n   <div id=\"text-box-1691494254\" class=\"text-box banner-layer x50 md-x50 lg-x50 y50 md-y50 lg-y50 res-text\">\n                                <div class=\"text dark\">\n              \n              <div class=\"text-inner text-left\">\n                  \n\n<h3 class=\"uppercase\" style=\"text-align:center\"><strong>SOMOS AMIGABLES CON EL MEDIO AMBIENTE<\/strong><\/h3>\n<p style=\"text-align:center\">LABORATORIOS BIOCHEMICAL. comprende que nuestro hogar es la tierra, y de esta manera busca ser sustentable en todos sus procesos con el fin de generar el menor impacto ambiental posible. Gracias a nuestras materias primas y formulaciones tenemos en el mercado productos biodegradables, cada uno con su certificado correspondiente a disposici\u00f3n de nuestros clientes; adicionalmente manejamos en todos nuestros procesos materiales recuperados, desde el envase, la caja y el producto en s\u00ed.<\/p>\n\n              <\/div>\n           <\/div>\n                            \n<style scope=\"scope\">\n\n#text-box-1691494254 {\n  width: 83%;\n}\n#text-box-1691494254 .text {\n  font-size: 100%;\n}\n\n\n@media (min-width:550px) {\n\n  #text-box-1691494254 {\n    width: 91%;\n  }\n\n}\n<\/style>\n    <\/div>\n \n\n        <\/div>\n      <\/div>\n\n            \n<style scope=\"scope\">\n\n#banner-1812285607 {\n  padding-top: 500px;\n}\n#banner-1812285607 .bg.bg-loaded {\n  background-image: 132;\n}\n#banner-1812285607 .overlay {\n  background-color: rgba(0,0,0,.5);\n}\n#banner-1812285607 .bg {\n  background-position: 45% 100%;\n}\n\n\n@media (min-width:550px) {\n\n  #banner-1812285607 {\n    padding-top: 500px;\n  }\n\n}\n<\/style>\n  <\/div>\n\n\n\t<div id=\"gap-944787918\" class=\"gap-element clearfix\" style=\"display:block; height:auto;\">\n\t\t\n<style scope=\"scope\">\n\n#gap-944787918 {\n  padding-top: 31px;\n}\n<\/style>\n\t<\/div>\n\t\n\n<h3 style=\"text-align: center;\"><em>\u00abEncomienda a Jehov\u00e1 tus obras, y tus pensamientos ser\u00e1n afirmados.\u00bb<\/em><br \/><em>Proverbios 16:3<\/em><\/h3>\n\n","protected":false},"excerpt":{"rendered":"<p>\u00abEncomienda a Jehov\u00e1 tus obras, y tus pensamientos ser\u00e1n afirmados.\u00bbProverbios 16:3<\/p>\n","protected":false},"author":1,"featured_media":0,"parent":0,"menu_order":0,"comment_status":"closed","ping_status":"closed","template":"page-blank.php","meta":{"footnotes":""},"_links":{"self":[{"href":"https:\/\/laboratoriosbiochemical.com\/index.php\/wp-json\/wp\/v2\/pages\/19"}],"collection":[{"href":"https:\/\/laboratoriosbiochemical.com\/index.php\/wp-json\/wp\/v2\/pages"}],"about":[{"href":"https:\/\/laboratoriosbiochemical.com\/index.php\/wp-json\/wp\/v2\/types\/page"}],"author":[{"embeddable":true,"href":"https:\/\/laboratoriosbiochemical.com\/index.php\/wp-json\/wp\/v2\/users\/1"}],"replies":[{"embeddable":true,"href":"https:\/\/laboratoriosbiochemical.com\/index.php\/wp-json\/wp\/v2\/comments?post=19"}],"version-history":[{"count":48,"href":"https:\/\/laboratoriosbiochemical.com\/index.php\/wp-json\/wp\/v2\/pages\/19\/revisions"}],"predecessor-version":[{"id":527,"href":"https:\/\/laboratoriosbiochemical.com\/index.php\/wp-json\/wp\/v2\/pages\/19\/revisions\/527"}],"wp:attachment":[{"href":"https:\/\/laboratoriosbiochemical.com\/index.php\/wp-json\/wp\/v2\/media?parent=19"}],"curies":[{"name":"wp","href":"https:\/\/api.w.org\/{rel}","templated":true}]}}