{"id":23,"date":"2021-04-27T00:22:56","date_gmt":"2021-04-27T00:22:56","guid":{"rendered":"http:\/\/laboratoriosbiochemical.com\/?page_id=23"},"modified":"2021-07-19T21:52:36","modified_gmt":"2021-07-19T21:52:36","slug":"servicios","status":"publish","type":"page","link":"https:\/\/laboratoriosbiochemical.com\/index.php\/servicios\/","title":{"rendered":"Servicios"},"content":{"rendered":"\n\n  <div class=\"banner has-hover has-parallax\" id=\"banner-1220152332\">\n          <div class=\"banner-inner fill\">\n        <div class=\"banner-bg fill\" data-parallax=\"-1\" data-parallax-container=\".banner\" data-parallax-background>\n            <div class=\"bg fill bg-fill \"><\/div>\n                                    \n                    <\/div>\n        <div class=\"banner-layers container\">\n            <div class=\"fill banner-link\"><\/div>            \n\n   <div id=\"text-box-616125676\" class=\"text-box banner-layer hide-for-small x50 md-x5 lg-x5 y20 md-y20 lg-y25 res-text\">\n                                <div class=\"text dark\">\n              \n              <div class=\"text-inner text-center\">\n                  \n\n<h2>SERVICIOS<\/h2>\n\n              <\/div>\n           <\/div>\n                            \n<style scope=\"scope\">\n\n#text-box-616125676 {\n  width: 97%;\n}\n#text-box-616125676 .text {\n  font-size: 100%;\n}\n\n\n@media (min-width:550px) {\n\n  #text-box-616125676 {\n    width: 63%;\n  }\n\n}\n\n\n@media (min-width:850px) {\n\n  #text-box-616125676 {\n    width: 50%;\n  }\n\n}\n<\/style>\n    <\/div>\n \n   <div id=\"text-box-1568741510\" class=\"text-box banner-layer show-for-small x50 md-x5 lg-x5 y20 md-y25 lg-y25 res-text\">\n                                <div class=\"text dark\">\n              \n              <div class=\"text-inner text-center\">\n                  \n\n<h3>SERVICIOS<\/h3>\n\n              <\/div>\n           <\/div>\n                            \n<style scope=\"scope\">\n\n#text-box-1568741510 {\n  width: 97%;\n}\n#text-box-1568741510 .text {\n  font-size: 100%;\n}\n\n\n@media (min-width:550px) {\n\n  #text-box-1568741510 {\n    width: 50%;\n  }\n\n}\n<\/style>\n    <\/div>\n \n\n        <\/div>\n      <\/div>\n\n              <div class=\"height-fix is-invisible\"><img loading=\"lazy\" decoding=\"async\" width=\"2499\" height=\"937\" src=\"https:\/\/laboratoriosbiochemical.com\/wp-content\/uploads\/2021\/05\/Nosotros-laboratorios-biochemical-1.png\" class=\"attachment-original size-original\" alt=\"\" srcset=\"https:\/\/laboratoriosbiochemical.com\/wp-content\/uploads\/2021\/05\/Nosotros-laboratorios-biochemical-1.png 2499w, https:\/\/laboratoriosbiochemical.com\/wp-content\/uploads\/2021\/05\/Nosotros-laboratorios-biochemical-1-510x191.png 510w, https:\/\/laboratoriosbiochemical.com\/wp-content\/uploads\/2021\/05\/Nosotros-laboratorios-biochemical-1-300x112.png 300w, https:\/\/laboratoriosbiochemical.com\/wp-content\/uploads\/2021\/05\/Nosotros-laboratorios-biochemical-1-1024x384.png 1024w, https:\/\/laboratoriosbiochemical.com\/wp-content\/uploads\/2021\/05\/Nosotros-laboratorios-biochemical-1-768x288.png 768w, https:\/\/laboratoriosbiochemical.com\/wp-content\/uploads\/2021\/05\/Nosotros-laboratorios-biochemical-1-1536x576.png 1536w, https:\/\/laboratoriosbiochemical.com\/wp-content\/uploads\/2021\/05\/Nosotros-laboratorios-biochemical-1-2048x768.png 2048w\" sizes=\"(max-width: 2499px) 100vw, 2499px\" \/><\/div>\n            \n<style scope=\"scope\">\n\n#banner-1220152332 .bg.bg-loaded {\n  background-image: url(https:\/\/laboratoriosbiochemical.com\/wp-content\/uploads\/2021\/05\/Nosotros-laboratorios-biochemical-1.png);\n}\n#banner-1220152332 {\n  background-color: rgb(255,255,255);\n}\n#banner-1220152332 .bg {\n  background-position: 45% 64%;\n}\n<\/style>\n  <\/div>\n\n\n\t<div id=\"gap-470217629\" class=\"gap-element clearfix\" style=\"display:block; height:auto;\">\n\t\t\n<style scope=\"scope\">\n\n#gap-470217629 {\n  padding-top: 100px;\n}\n<\/style>\n\t<\/div>\n\t\n\n\n  <div class=\"banner has-hover is-full-height\" id=\"banner-767125868\">\n          <div class=\"banner-inner fill\">\n        <div class=\"banner-bg fill\" >\n            <div class=\"bg fill bg-fill \"><\/div>\n                        <div class=\"overlay\"><\/div>            \n                    <\/div>\n        <div class=\"banner-layers container\">\n            <div class=\"fill banner-link\"><\/div>            \n\n   <div id=\"text-box-574918180\" class=\"text-box banner-layer x50 md-x5 lg-x5 y50 md-y50 lg-y50 res-text\">\n                                <div class=\"text dark\">\n              \n              <div class=\"text-inner text-left\">\n                  \n\n<h2 class=\"thin-font alt-font\">2021<\/h2>\n<h2 class=\"uppercase\"><span style=\"color:#5BCBF5\"><strong>Laboratorios biochemical<\/strong><\/span><\/h2>\n<div class=\"is-divider divider clearfix\" style=\"max-width:40px;\"><\/div>\n\n<p><span style=\"font-size: 100%;\">Contamos con bodegasmodernas y equipos de producci\u00f3n para responder en corto tiempo las demandas de pedidos para distribuci\u00f3n. <\/p>\n<p>Nuestros dos laboratorios y un personal totalmente capacitado y calificado para la manipulaci\u00f3n de procesos qu\u00edmicos, nos permiten llevar a cabo el control de calidad de nuestros Productos de Limpieza Biodegradables .<\/p>\n<p>Registros de INVIMA, hojas de seguridad, fichas t\u00e9cnicas, certificados de biodegrabilidad y toda la papeler\u00eda requerida nos respaldan para ofrecer la mejor calidad en productos y servicio..<\/span><\/p>\n\n              <\/div>\n           <\/div>\n                            \n<style scope=\"scope\">\n\n#text-box-574918180 {\n  width: 65%;\n}\n#text-box-574918180 .text {\n  font-size: 100%;\n}\n\n\n@media (min-width:550px) {\n\n  #text-box-574918180 {\n    width: 50%;\n  }\n\n}\n<\/style>\n    <\/div>\n \n\n        <\/div>\n      <\/div>\n\n            \n<style scope=\"scope\">\n\n#banner-767125868 {\n  padding-top: 100%;\n}\n#banner-767125868 .bg.bg-loaded {\n  background-image: url(https:\/\/laboratoriosbiochemical.com\/wp-content\/uploads\/2021\/05\/depositphotos_11956071-stock-photo-modern-business-unit.jpg);\n}\n#banner-767125868 .overlay {\n  background-color: rgba(35, 36, 45, 0.61);\n}\n#banner-767125868 .bg {\n  background-position: 68% 28%;\n}\n<\/style>\n  <\/div>\n\n\n\t<div id=\"gap-1691448394\" class=\"gap-element clearfix\" style=\"display:block; height:auto;\">\n\t\t\n<style scope=\"scope\">\n\n#gap-1691448394 {\n  padding-top: 100px;\n}\n<\/style>\n\t<\/div>\n\t\n\n<div class=\"row row-collapse\"  id=\"row-1389129408\">\n\n\n\t<div class=\"col medium-4 small-12 large-4\"  data-animate=\"fadeInLeft\">\n\t\t<div class=\"col-inner\"  >\n\t\t\t\n\t\t\t\n\n\n  <div class=\"banner has-hover\" id=\"banner-2037770960\">\n          <div class=\"banner-inner fill\">\n        <div class=\"banner-bg fill\" >\n            <div class=\"bg fill bg-fill \"><\/div>\n                                    \n                    <\/div>\n        <div class=\"banner-layers container\">\n            <div class=\"fill banner-link\"><\/div>            \n\n   <div id=\"text-box-1704138333\" class=\"text-box banner-layer x50 md-x50 lg-x50 y50 md-y50 lg-y50 res-text\">\n                                <div class=\"text dark\">\n              \n              <div class=\"text-inner text-center\">\n                  \n\n\n              <\/div>\n           <\/div>\n                            \n<style scope=\"scope\">\n\n#text-box-1704138333 {\n  width: 60%;\n}\n#text-box-1704138333 .text {\n  font-size: 100%;\n}\n\n\n@media (min-width:550px) {\n\n  #text-box-1704138333 {\n    width: 60%;\n  }\n\n}\n<\/style>\n    <\/div>\n \n\n        <\/div>\n      <\/div>\n\n            \n<style scope=\"scope\">\n\n#banner-2037770960 {\n  padding-top: 360px;\n}\n#banner-2037770960 .bg.bg-loaded {\n  background-image: url(https:\/\/laboratoriosbiochemical.com\/wp-content\/uploads\/2021\/05\/Eko_Varsol-Biochemical.jpg);\n}\n#banner-2037770960 .bg {\n  background-position: 17% 43%;\n}\n\n\n@media (min-width:550px) {\n\n  #banner-2037770960 {\n    padding-top: 99.99%;\n  }\n\n}\n<\/style>\n  <\/div>\n\n\n\n\t\t<\/div>\n\t<\/div>\n\n\t\n\n\t<div class=\"col medium-4 small-12 large-4\"  data-animate=\"fadeInLeft\">\n\t\t<div class=\"col-inner\"  >\n\t\t\t\n\t\t\t\n\n\n  <div class=\"banner has-hover\" id=\"banner-1696166509\">\n          <div class=\"banner-inner fill\">\n        <div class=\"banner-bg fill\" >\n            <div class=\"bg fill bg-fill \"><\/div>\n                                    \n                    <\/div>\n        <div class=\"banner-layers container\">\n            <div class=\"fill banner-link\"><\/div>            \n\n   <div id=\"text-box-736406842\" class=\"text-box banner-layer x50 md-x50 lg-x50 y50 md-y50 lg-y50 res-text\">\n                                <div class=\"text dark\">\n              \n              <div class=\"text-inner text-center\">\n                  \n\n<p style=\"font-size:13px;text-align:left\">\nRealizamos pruebas de desempe\u00f1o para que conozca nuestro producto y pueda tomar una decisi\u00f3n de compra.<\/p>\n<p>Hacemos acompa\u00f1amiento comercial ayudando a incrementar las ventas de tu compa\u00f1\u00eda.<\/p>\n\n              <\/div>\n           <\/div>\n                            \n<style scope=\"scope\">\n\n#text-box-736406842 {\n  width: 79%;\n}\n#text-box-736406842 .text {\n  font-size: 100%;\n}\n<\/style>\n    <\/div>\n \n\n        <\/div>\n      <\/div>\n\n            \n<style scope=\"scope\">\n\n#banner-1696166509 {\n  padding-top: 99.99%;\n  background-color: #00629d;\n}\n<\/style>\n  <\/div>\n\n\n\n\t\t<\/div>\n\t<\/div>\n\n\t\n\n\t<div class=\"col medium-4 small-12 large-4\"  data-animate=\"fadeInLeft\">\n\t\t<div class=\"col-inner\"  >\n\t\t\t\n\t\t\t\n\n\n  <div class=\"banner has-hover\" id=\"banner-2025631020\">\n          <div class=\"banner-inner fill\">\n        <div class=\"banner-bg fill\" >\n            <div class=\"bg fill bg-fill \"><\/div>\n                                    \n                    <\/div>\n        <div class=\"banner-layers container\">\n            <div class=\"fill banner-link\"><\/div>            \n\n   <div id=\"text-box-1085904202\" class=\"text-box banner-layer x50 md-x50 lg-x50 y50 md-y50 lg-y50 res-text\">\n                                <div class=\"text dark\">\n              \n              <div class=\"text-inner text-center\">\n                  \n\n\n              <\/div>\n           <\/div>\n                            \n<style scope=\"scope\">\n\n#text-box-1085904202 {\n  width: 60%;\n}\n#text-box-1085904202 .text {\n  font-size: 100%;\n}\n\n\n@media (min-width:550px) {\n\n  #text-box-1085904202 {\n    width: 60%;\n  }\n\n}\n<\/style>\n    <\/div>\n \n\n        <\/div>\n      <\/div>\n\n            \n<style scope=\"scope\">\n\n#banner-2025631020 {\n  padding-top: 360px;\n}\n#banner-2025631020 .bg.bg-loaded {\n  background-image: url(https:\/\/laboratoriosbiochemical.com\/wp-content\/uploads\/2021\/05\/male-speaker-giving-presentation-in-hall-at-university-workshop-audience-or-conference-hall1.jpg);\n}\n#banner-2025631020 .bg {\n  background-position: 52% 38%;\n}\n\n\n@media (min-width:550px) {\n\n  #banner-2025631020 {\n    padding-top: 99.99%;\n  }\n\n}\n<\/style>\n  <\/div>\n\n\n\n\t\t<\/div>\n\t<\/div>\n\n\t\n\n\n<style scope=\"scope\">\n\n<\/style>\n<\/div>\n<div class=\"row row-collapse\"  id=\"row-889200929\">\n\n\n\t<div class=\"col medium-4 small-12 large-4\"  data-animate=\"fadeInLeft\">\n\t\t<div class=\"col-inner\"  >\n\t\t\t\n\t\t\t\n\n\n  <div class=\"banner has-hover\" id=\"banner-1433246212\">\n          <div class=\"banner-inner fill\">\n        <div class=\"banner-bg fill\" >\n            <div class=\"bg fill bg-fill \"><\/div>\n                                    \n                    <\/div>\n        <div class=\"banner-layers container\">\n            <div class=\"fill banner-link\"><\/div>            \n\n   <div id=\"text-box-1321410742\" class=\"text-box banner-layer x50 md-x50 lg-x50 y50 md-y50 lg-y50 res-text\">\n                                <div class=\"text dark\">\n              \n              <div class=\"text-inner text-center\">\n                  \n\n<p style=\"font-size:13px;text-align:left\">\nCapacitamos a tu personal sobre el uso adecuado de los productos Laboratorios Biochemical.<\/p>\n<p>Soporte t\u00e9cnico brindado por nuestros ingenieros qu\u00edmicos que est\u00e1n a tu disposici\u00f3n para resolver todas tus dudas e inquietudes.<\/p>\n\n              <\/div>\n           <\/div>\n                            \n<style scope=\"scope\">\n\n#text-box-1321410742 {\n  width: 79%;\n}\n#text-box-1321410742 .text {\n  font-size: 100%;\n}\n<\/style>\n    <\/div>\n \n\n        <\/div>\n      <\/div>\n\n            \n<style scope=\"scope\">\n\n#banner-1433246212 {\n  padding-top: 99.99%;\n  background-color: #00629d;\n}\n<\/style>\n  <\/div>\n\n\n\n\t\t<\/div>\n\t<\/div>\n\n\t\n\n\t<div class=\"col medium-4 small-12 large-4\"  data-animate=\"fadeInLeft\">\n\t\t<div class=\"col-inner\"  >\n\t\t\t\n\t\t\t\n\n\n  <div class=\"banner has-hover\" id=\"banner-674382786\">\n          <div class=\"banner-inner fill\">\n        <div class=\"banner-bg fill\" >\n            <div class=\"bg fill bg-fill \"><\/div>\n                                    \n                    <\/div>\n        <div class=\"banner-layers container\">\n            <div class=\"fill banner-link\"><\/div>            \n\n   <div id=\"text-box-1378969319\" class=\"text-box banner-layer x50 md-x50 lg-x50 y50 md-y50 lg-y50 res-text\">\n                                <div class=\"text dark\">\n              \n              <div class=\"text-inner text-center\">\n                  \n\n\n              <\/div>\n           <\/div>\n                            \n<style scope=\"scope\">\n\n#text-box-1378969319 {\n  width: 60%;\n}\n#text-box-1378969319 .text {\n  font-size: 100%;\n}\n\n\n@media (min-width:550px) {\n\n  #text-box-1378969319 {\n    width: 60%;\n  }\n\n}\n<\/style>\n    <\/div>\n \n\n        <\/div>\n      <\/div>\n\n            \n<style scope=\"scope\">\n\n#banner-674382786 {\n  padding-top: 360px;\n}\n#banner-674382786 .bg.bg-loaded {\n  background-image: url(https:\/\/laboratoriosbiochemical.com\/wp-content\/uploads\/2021\/05\/medium-shot-man-holding-box.jpg);\n}\n#banner-674382786 .bg {\n  background-position: 76% 55%;\n}\n\n\n@media (min-width:550px) {\n\n  #banner-674382786 {\n    padding-top: 99.99%;\n  }\n\n}\n<\/style>\n  <\/div>\n\n\n\n\t\t<\/div>\n\t<\/div>\n\n\t\n\n\t<div class=\"col medium-4 small-12 large-4\"  data-animate=\"fadeInLeft\">\n\t\t<div class=\"col-inner\"  >\n\t\t\t\n\t\t\t\n\n\n  <div class=\"banner has-hover\" id=\"banner-1226735222\">\n          <div class=\"banner-inner fill\">\n        <div class=\"banner-bg fill\" >\n            <div class=\"bg fill bg-fill \"><\/div>\n                                    \n                    <\/div>\n        <div class=\"banner-layers container\">\n            <div class=\"fill banner-link\"><\/div>            \n\n   <div id=\"text-box-1460684719\" class=\"text-box banner-layer x50 md-x50 lg-x50 y50 md-y50 lg-y50 res-text\">\n                                <div class=\"text dark\">\n              \n              <div class=\"text-inner text-center\">\n                  \n\n<p style=\"font-size:13px;text-align:left\">\nHacemos entrega de tus pedidos para distribuci\u00f3n en el sitio que indiques en la ciudad de Bogot\u00e1.<\/p>\n<p>Para el despacho en otras ciudades se realizar\u00e1 un convenio de ambas partes.<\/p>\n\n              <\/div>\n           <\/div>\n                            \n<style scope=\"scope\">\n\n#text-box-1460684719 {\n  width: 79%;\n}\n#text-box-1460684719 .text {\n  font-size: 100%;\n}\n<\/style>\n    <\/div>\n \n\n        <\/div>\n      <\/div>\n\n            \n<style scope=\"scope\">\n\n#banner-1226735222 {\n  padding-top: 99.99%;\n  background-color: #00629d;\n}\n<\/style>\n  <\/div>\n\n\n\n\t\t<\/div>\n\t<\/div>\n\n\t\n\n\n<style scope=\"scope\">\n\n<\/style>\n<\/div>\n\t<div id=\"gap-212793752\" class=\"gap-element clearfix\" style=\"display:block; height:auto;\">\n\t\t\n<style scope=\"scope\">\n\n#gap-212793752 {\n  padding-top: 100px;\n}\n<\/style>\n\t<\/div>\n\t\n\n\n","protected":false},"excerpt":{"rendered":"","protected":false},"author":1,"featured_media":0,"parent":0,"menu_order":0,"comment_status":"closed","ping_status":"closed","template":"page-blank.php","meta":{"footnotes":""},"_links":{"self":[{"href":"https:\/\/laboratoriosbiochemical.com\/index.php\/wp-json\/wp\/v2\/pages\/23"}],"collection":[{"href":"https:\/\/laboratoriosbiochemical.com\/index.php\/wp-json\/wp\/v2\/pages"}],"about":[{"href":"https:\/\/laboratoriosbiochemical.com\/index.php\/wp-json\/wp\/v2\/types\/page"}],"author":[{"embeddable":true,"href":"https:\/\/laboratoriosbiochemical.com\/index.php\/wp-json\/wp\/v2\/users\/1"}],"replies":[{"embeddable":true,"href":"https:\/\/laboratoriosbiochemical.com\/index.php\/wp-json\/wp\/v2\/comments?post=23"}],"version-history":[{"count":20,"href":"https:\/\/laboratoriosbiochemical.com\/index.php\/wp-json\/wp\/v2\/pages\/23\/revisions"}],"predecessor-version":[{"id":629,"href":"https:\/\/laboratoriosbiochemical.com\/index.php\/wp-json\/wp\/v2\/pages\/23\/revisions\/629"}],"wp:attachment":[{"href":"https:\/\/laboratoriosbiochemical.com\/index.php\/wp-json\/wp\/v2\/media?parent=23"}],"curies":[{"name":"wp","href":"https:\/\/api.w.org\/{rel}","templated":true}]}}